{"id":8,"date":"2024-06-18T14:08:12","date_gmt":"2024-06-18T12:08:12","guid":{"rendered":"https:\/\/www.noloservicesimperia.com\/?page_id=8"},"modified":"2024-06-19T15:34:45","modified_gmt":"2024-06-19T13:34:45","slug":"home","status":"publish","type":"page","link":"https:\/\/www.noloservicesimperia.com\/","title":{"rendered":"Home"},"content":{"rendered":"\n<div class=\"wp-block-columns alignfull is-layout-flex wp-container-core-columns-is-layout-1 wp-block-columns-is-layout-flex\">\n<div class=\"wp-block-column is-layout-flow wp-block-column-is-layout-flow\"><\/div>\n<\/div>\n\n\n\n<div class=\"wp-block-cover alignfull\" style=\"min-height:700px;aspect-ratio:unset;\"><span aria-hidden=\"true\" class=\"wp-block-cover__background has-background-dim-60 has-background-dim\" style=\"background-color:#6c6e7d\"><\/span><img loading=\"lazy\" decoding=\"async\" width=\"1388\" height=\"552\" class=\"wp-block-cover__image-background wp-image-15\" alt=\"\" src=\"https:\/\/www.noloservicesimperia.com\/wp-content\/uploads\/2024\/06\/Flotta.jpg\" data-object-fit=\"cover\" srcset=\"https:\/\/www.noloservicesimperia.com\/wp-content\/uploads\/2024\/06\/Flotta.jpg 1388w, https:\/\/www.noloservicesimperia.com\/wp-content\/uploads\/2024\/06\/Flotta-300x119.jpg 300w, https:\/\/www.noloservicesimperia.com\/wp-content\/uploads\/2024\/06\/Flotta-1024x407.jpg 1024w, https:\/\/www.noloservicesimperia.com\/wp-content\/uploads\/2024\/06\/Flotta-768x305.jpg 768w\" sizes=\"(max-width: 1388px) 100vw, 1388px\" \/><div class=\"wp-block-cover__inner-container is-layout-flow wp-block-cover-is-layout-flow\">\n<div style=\"height:40px\" aria-hidden=\"true\" class=\"wp-block-spacer\"><\/div>\n\n\n\n<div class=\"wp-block-columns is-layout-flex wp-container-core-columns-is-layout-2 wp-block-columns-is-layout-flex\">\n<div class=\"wp-block-column is-layout-flow wp-block-column-is-layout-flow\">\n<figure class=\"wp-block-image aligncenter size-full is-resized\"><img loading=\"lazy\" decoding=\"async\" width=\"476\" height=\"202\" src=\"https:\/\/www.noloservicesimperia.com\/wp-content\/uploads\/2024\/06\/cropped-logo-corda-scritte.png\" alt=\"\" class=\"wp-image-22\" style=\"width:662px;height:auto\" srcset=\"https:\/\/www.noloservicesimperia.com\/wp-content\/uploads\/2024\/06\/cropped-logo-corda-scritte.png 476w, https:\/\/www.noloservicesimperia.com\/wp-content\/uploads\/2024\/06\/cropped-logo-corda-scritte-300x127.png 300w\" sizes=\"(max-width: 476px) 100vw, 476px\" \/><\/figure>\n<\/div>\n<\/div>\n\n\n\n<div style=\"height:20px\" aria-hidden=\"true\" class=\"wp-block-spacer\"><\/div>\n\n\n\n<p class=\"has-text-align-center has-white-color has-text-color has-link-color has-medium-font-size wp-elements-9e2329f21ce11136b83b4ab04ac5af39\"><strong>Noleggio Imbarcazioni<\/strong><\/p>\n\n\n\n<div style=\"height:246px\" aria-hidden=\"true\" class=\"wp-block-spacer\"><\/div>\n<\/div><\/div>\n\n\n\n<div style=\"height:100px\" aria-hidden=\"true\" class=\"wp-block-spacer\"><\/div>\n\n\n\n<p class=\"has-text-align-left has-small-font-size\">Ad Imperia dalla passione per il mare, nasce Nolo Services Imperia, per dare a tutti l\u2019opportunit\u00e0 di godere della bellezza del Mar Ligure di Ponente e di fare un bagno dove il mare \u00e8 sempre pi\u00f9 blu&#8230;<\/p>\n\n\n\n<p class=\"has-text-align-center has-small-font-size\">Nella suggestiva Marina di Porto Maurizio, a 100 metri dalle spiagge, la Nolo Services Imperia offre servizi di noleggio gommoni e attrezzatura nautica. <\/p>\n\n\n\n<p class=\"has-text-align-center has-small-font-size\">Non perdere l\u2019occasione per godere di una vista unica sulla costa della Riviera di ponente in totale sicurezza e nel pieno rispetto delle norme vigenti. <\/p>\n\n\n\n<p class=\"has-text-align-center has-small-font-size\">Approfitta dell\u2019occasione per assaporare le unicit\u00e0 dei prodotti gastronomici locali comodamente seduto ad un tavolino in mezzo al mare.&nbsp;<\/p>\n\n\n\n<div style=\"height:100px\" aria-hidden=\"true\" class=\"wp-block-spacer\"><\/div>\n\n\n\n<div class=\"wp-block-columns alignwide is-layout-flex wp-container-core-columns-is-layout-3 wp-block-columns-is-layout-flex\">\n<div class=\"wp-block-column is-layout-flow wp-block-column-is-layout-flow\">\n<figure class=\"wp-block-image size-full\"><img loading=\"lazy\" decoding=\"async\" width=\"510\" height=\"286\" src=\"https:\/\/www.noloservicesimperia.com\/wp-content\/uploads\/2024\/06\/moscafop-4-510x340-1.jpeg\" alt=\"\" class=\"wp-image-91\" srcset=\"https:\/\/www.noloservicesimperia.com\/wp-content\/uploads\/2024\/06\/moscafop-4-510x340-1.jpeg 510w, https:\/\/www.noloservicesimperia.com\/wp-content\/uploads\/2024\/06\/moscafop-4-510x340-1-300x168.jpeg 300w\" sizes=\"(max-width: 510px) 100vw, 510px\" \/><\/figure>\n<\/div>\n\n\n\n<div class=\"wp-block-column is-layout-flow wp-block-column-is-layout-flow\">\n<figure class=\"wp-block-image size-full\"><img loading=\"lazy\" decoding=\"async\" width=\"510\" height=\"286\" src=\"https:\/\/www.noloservicesimperia.com\/wp-content\/uploads\/2024\/06\/gommone-big-1-510x340-1.jpeg\" alt=\"\" class=\"wp-image-96\" srcset=\"https:\/\/www.noloservicesimperia.com\/wp-content\/uploads\/2024\/06\/gommone-big-1-510x340-1.jpeg 510w, https:\/\/www.noloservicesimperia.com\/wp-content\/uploads\/2024\/06\/gommone-big-1-510x340-1-300x168.jpeg 300w\" sizes=\"(max-width: 510px) 100vw, 510px\" \/><\/figure>\n<\/div>\n\n\n\n<div class=\"wp-block-column is-layout-flow wp-block-column-is-layout-flow\">\n<figure class=\"wp-block-image size-full\"><img loading=\"lazy\" decoding=\"async\" width=\"508\" height=\"286\" src=\"https:\/\/www.noloservicesimperia.com\/wp-content\/uploads\/2024\/06\/gommone-big-4-510x340-1.jpeg\" alt=\"\" class=\"wp-image-92\" srcset=\"https:\/\/www.noloservicesimperia.com\/wp-content\/uploads\/2024\/06\/gommone-big-4-510x340-1.jpeg 508w, https:\/\/www.noloservicesimperia.com\/wp-content\/uploads\/2024\/06\/gommone-big-4-510x340-1-300x169.jpeg 300w\" sizes=\"(max-width: 508px) 100vw, 508px\" \/><\/figure>\n<\/div>\n<\/div>\n","protected":false},"excerpt":{"rendered":"<p>Ad Imperia dalla passione per il mare, nasce Nolo Services Imperia, per dare a tutti l\u2019opportunit\u00e0 di godere della bellezza del Mar Ligure di Ponente e di fare un bagno dove il mare \u00e8 sempre pi\u00f9 blu&#8230; Nella suggestiva Marina di Porto Maurizio, a 100 metri dalle spiagge, la Nolo Services Imperia offre servizi di [&hellip;]<\/p>\n","protected":false},"author":1,"featured_media":0,"parent":0,"menu_order":0,"comment_status":"closed","ping_status":"closed","template":"page-templates\/menu-trasparent.php","meta":{"footnotes":""},"_links":{"self":[{"href":"https:\/\/www.noloservicesimperia.com\/index.php\/wp-json\/wp\/v2\/pages\/8"}],"collection":[{"href":"https:\/\/www.noloservicesimperia.com\/index.php\/wp-json\/wp\/v2\/pages"}],"about":[{"href":"https:\/\/www.noloservicesimperia.com\/index.php\/wp-json\/wp\/v2\/types\/page"}],"author":[{"embeddable":true,"href":"https:\/\/www.noloservicesimperia.com\/index.php\/wp-json\/wp\/v2\/users\/1"}],"replies":[{"embeddable":true,"href":"https:\/\/www.noloservicesimperia.com\/index.php\/wp-json\/wp\/v2\/comments?post=8"}],"version-history":[{"count":29,"href":"https:\/\/www.noloservicesimperia.com\/index.php\/wp-json\/wp\/v2\/pages\/8\/revisions"}],"predecessor-version":[{"id":223,"href":"https:\/\/www.noloservicesimperia.com\/index.php\/wp-json\/wp\/v2\/pages\/8\/revisions\/223"}],"wp:attachment":[{"href":"https:\/\/www.noloservicesimperia.com\/index.php\/wp-json\/wp\/v2\/media?parent=8"}],"curies":[{"name":"wp","href":"https:\/\/api.w.org\/{rel}","templated":true}]}}